{"id":20052,"date":"2026-03-06T02:43:25","date_gmt":"2026-03-06T01:43:25","guid":{"rendered":"https:\/\/drybrush-studio.com\/?page_id=20052"},"modified":"2026-05-08T11:34:35","modified_gmt":"2026-05-08T10:34:35","slug":"o-nama-2","status":"publish","type":"page","link":"https:\/\/drybrush-studio.com\/en\/o-nama-2\/","title":{"rendered":"ABOUT US"},"content":{"rendered":"<div data-elementor-type=\"wp-page\" data-elementor-id=\"20052\" class=\"elementor elementor-20052\">\n\t\t\t\t<div class=\"elementor-element elementor-element-73d222f5 e-flex e-con-boxed e-con e-parent\" data-id=\"73d222f5\" data-element_type=\"container\" data-e-type=\"container\" data-settings=\"{&quot;background_background&quot;:&quot;classic&quot;}\">\n\t\t\t\t\t<div class=\"e-con-inner\">\n\t\t<div class=\"elementor-element elementor-element-35a7485c e-con-full e-flex elementor-invisible e-con e-child\" data-id=\"35a7485c\" data-element_type=\"container\" data-e-type=\"container\" data-settings=\"{&quot;animation&quot;:&quot;fadeInDown&quot;,&quot;animation_delay&quot;:0}\">\n\t\t\t\t<div class=\"elementor-element elementor-element-50ccd341 elementor-widget elementor-widget-heading\" data-id=\"50ccd341\" data-element_type=\"widget\" data-e-type=\"widget\" data-widget_type=\"heading.default\">\n\t\t\t\t<div class=\"elementor-widget-container\">\n\t\t\t\t\t<h2 class=\"elementor-heading-title elementor-size-default\">About us<\/h2>\t\t\t\t<\/div>\n\t\t\t\t<\/div>\n\t\t\t\t<\/div>\n\t\t<div class=\"elementor-element elementor-element-2c9302a e-con-full e-flex elementor-invisible e-con e-child\" data-id=\"2c9302a\" data-element_type=\"container\" data-e-type=\"container\" data-settings=\"{&quot;animation&quot;:&quot;fadeIn&quot;,&quot;animation_delay&quot;:0}\">\n\t\t\t\t<div class=\"elementor-element elementor-element-a5010ac elementor-invisible elementor-widget elementor-widget-image\" data-id=\"a5010ac\" data-element_type=\"widget\" data-e-type=\"widget\" data-settings=\"{&quot;_animation&quot;:&quot;fadeIn&quot;,&quot;_animation_delay&quot;:300}\" data-widget_type=\"image.default\">\n\t\t\t\t<div class=\"elementor-widget-container\">\n\t\t\t\t\t\t\t\t\t\t\t\t\t\t\t<img fetchpriority=\"high\" decoding=\"async\" width=\"550\" height=\"750\" src=\"https:\/\/drybrush-studio.com\/wp-content\/uploads\/2026\/03\/Darian-gif-web.gif\" class=\"attachment-full size-full wp-image-20271\" alt=\"\" \/>\t\t\t\t\t\t\t\t\t\t\t\t\t\t\t<\/div>\n\t\t\t\t<\/div>\n\t\t<div class=\"elementor-element elementor-element-37855c3b e-con-full e-flex elementor-invisible e-con e-child\" data-id=\"37855c3b\" data-element_type=\"container\" data-e-type=\"container\" data-settings=\"{&quot;animation&quot;:&quot;fadeIn&quot;,&quot;animation_delay&quot;:600}\">\n\t\t\t\t<div class=\"elementor-element elementor-element-4c2a1511 elementor-widget elementor-widget-heading\" data-id=\"4c2a1511\" data-element_type=\"widget\" data-e-type=\"widget\" data-widget_type=\"heading.default\">\n\t\t\t\t<div class=\"elementor-widget-container\">\n\t\t\t\t\t<h3 class=\"elementor-heading-title elementor-size-default\">Darian Bakli\u017ea<\/h3>\t\t\t\t<\/div>\n\t\t\t\t<\/div>\n\t\t<div class=\"elementor-element elementor-element-0c01671 e-con-full e-flex elementor-invisible e-con e-child\" data-id=\"0c01671\" data-element_type=\"container\" data-e-type=\"container\" data-settings=\"{&quot;animation&quot;:&quot;fadeIn&quot;,&quot;animation_delay&quot;:500}\">\n\t\t\t\t<div class=\"elementor-element elementor-element-d33dc58 elementor-widget elementor-widget-text-editor\" data-id=\"d33dc58\" data-element_type=\"widget\" data-e-type=\"widget\" data-widget_type=\"text-editor.default\">\n\t\t\t\t<div class=\"elementor-widget-container\">\n\t\t\t\t\t\t\t\t\t<p>He began his journey in graphic design during high school and enrolled in the School of Design in 2014. After completing his bachelor's degree, he discovered animation and earned his master's at the Academy of Fine Arts (ALU), where his graduation film was selected for competition at major animation festivals. Today, he merges creativity and analytical thinking through production, independent animation, and graphic design\u2014specializing in visual identities, websites, and mobile applications.<\/p>\t\t\t\t\t\t\t\t<\/div>\n\t\t\t\t<\/div>\n\t\t\t\t<\/div>\n\t\t\t\t<\/div>\n\t\t\t\t<\/div>\n\t\t<div class=\"elementor-element elementor-element-bd1b5bf e-con-full e-flex elementor-invisible e-con e-child\" data-id=\"bd1b5bf\" data-element_type=\"container\" data-e-type=\"container\" data-settings=\"{&quot;animation&quot;:&quot;fadeIn&quot;,&quot;animation_delay&quot;:0}\">\n\t\t\t\t<div class=\"elementor-element elementor-element-4a30612 elementor-invisible elementor-widget elementor-widget-image\" data-id=\"4a30612\" data-element_type=\"widget\" data-e-type=\"widget\" data-settings=\"{&quot;_animation&quot;:&quot;fadeIn&quot;,&quot;_animation_delay&quot;:300}\" data-widget_type=\"image.default\">\n\t\t\t\t<div class=\"elementor-widget-container\">\n\t\t\t\t\t\t\t\t\t\t\t\t\t\t\t<img decoding=\"async\" width=\"550\" height=\"750\" src=\"https:\/\/drybrush-studio.com\/wp-content\/uploads\/2026\/03\/Darko-gif-web.gif\" class=\"attachment-full size-full wp-image-20270\" alt=\"\" \/>\t\t\t\t\t\t\t\t\t\t\t\t\t\t\t<\/div>\n\t\t\t\t<\/div>\n\t\t<div class=\"elementor-element elementor-element-d1054ee e-con-full e-flex elementor-invisible e-con e-child\" data-id=\"d1054ee\" data-element_type=\"container\" data-e-type=\"container\" data-settings=\"{&quot;animation&quot;:&quot;fadeIn&quot;,&quot;animation_delay&quot;:600}\">\n\t\t\t\t<div class=\"elementor-element elementor-element-5f14749 elementor-widget elementor-widget-heading\" data-id=\"5f14749\" data-element_type=\"widget\" data-e-type=\"widget\" data-widget_type=\"heading.default\">\n\t\t\t\t<div class=\"elementor-widget-container\">\n\t\t\t\t\t<h3 class=\"elementor-heading-title elementor-size-default\">Darko Bakli\u017ea<\/h3>\t\t\t\t<\/div>\n\t\t\t\t<\/div>\n\t\t<div class=\"elementor-element elementor-element-2a826f5 e-con-full e-flex elementor-invisible e-con e-child\" data-id=\"2a826f5\" data-element_type=\"container\" data-e-type=\"container\" data-settings=\"{&quot;animation&quot;:&quot;fadeIn&quot;,&quot;animation_delay&quot;:500}\">\n\t\t\t\t<div class=\"elementor-element elementor-element-b96c07e elementor-widget elementor-widget-text-editor\" data-id=\"b96c07e\" data-element_type=\"widget\" data-e-type=\"widget\" data-widget_type=\"text-editor.default\">\n\t\t\t\t<div class=\"elementor-widget-container\">\n\t\t\t\t\t\t\t\t\t<p>An academic painter, he graduated from the Academy of Fine Arts in Zagreb in 1987 and is active in painting, theater, animation, and experimental film. He has held solo exhibitions in numerous European cities and is the author of approximately 40 set designs, two plays, nine short films, and an animated series. From 1989 to 2024, he taught at several faculties in Croatia and abroad, mentoring over 1,700 students. He is the recipient of multiple national awards. His work is characterized by an interdisciplinary approach and the continuous integration of artistic practice with pedagogical work.<\/p>\t\t\t\t\t\t\t\t<\/div>\n\t\t\t\t<\/div>\n\t\t\t\t<\/div>\n\t\t\t\t<\/div>\n\t\t\t\t<\/div>\n\t\t\t\t\t<\/div>\n\t\t\t\t<\/div>\n\t\t<div class=\"elementor-element elementor-element-11a1102f e-con-full e-flex elementor-invisible e-con e-parent\" data-id=\"11a1102f\" data-element_type=\"container\" data-e-type=\"container\" data-settings=\"{&quot;background_background&quot;:&quot;classic&quot;,&quot;animation&quot;:&quot;fadeIn&quot;}\">\n\t\t<div class=\"elementor-element elementor-element-64f9a1a4 e-con-full animated-fast e-flex elementor-invisible e-con e-child\" data-id=\"64f9a1a4\" data-element_type=\"container\" data-e-type=\"container\" data-settings=\"{&quot;background_background&quot;:&quot;classic&quot;,&quot;animation&quot;:&quot;fadeInUp&quot;,&quot;animation_mobile&quot;:&quot;fadeIn&quot;}\">\n\t\t<div class=\"elementor-element elementor-element-3cde9375 e-con-full e-grid e-con e-child\" data-id=\"3cde9375\" data-element_type=\"container\" data-e-type=\"container\">\n\t\t\t\t<div class=\"elementor-element elementor-element-4fc661c3 elementor-widget elementor-widget-text-editor\" data-id=\"4fc661c3\" data-element_type=\"widget\" data-e-type=\"widget\" data-widget_type=\"text-editor.default\">\n\t\t\t\t<div class=\"elementor-widget-container\">\n\t\t\t\t\t\t\t\t\t<p><a href=\"https:\/\/drybrush-studio.com\/en\/privacy-policy\/\">Privacy policy<\/a><\/p><p><a href=\"https:\/\/drybrush-studio.com\/en\/terms-and-conditions\/\">Terms of use<\/a><\/p>\t\t\t\t\t\t\t\t<\/div>\n\t\t\t\t<\/div>\n\t\t\t\t<div class=\"elementor-element elementor-element-2637ebb0 elementor-widget elementor-widget-text-editor\" data-id=\"2637ebb0\" data-element_type=\"widget\" data-e-type=\"widget\" data-widget_type=\"text-editor.default\">\n\t\t\t\t<div class=\"elementor-widget-container\">\n\t\t\t\t\t\t\t\t\t<p>DRYBRUSH STUDIO d.o.o. \u00a9 2026. All rights reserved.<\/p>\t\t\t\t\t\t\t\t<\/div>\n\t\t\t\t<\/div>\n\t\t\t\t<div class=\"elementor-element elementor-element-4432307c elementor-shape-rounded elementor-grid-0 e-grid-align-center elementor-widget elementor-widget-social-icons\" data-id=\"4432307c\" data-element_type=\"widget\" data-e-type=\"widget\" data-widget_type=\"social-icons.default\">\n\t\t\t\t<div class=\"elementor-widget-container\">\n\t\t\t\t\t\t\t<div class=\"elementor-social-icons-wrapper elementor-grid\" role=\"list\">\n\t\t\t\t\t\t\t<span class=\"elementor-grid-item\" role=\"listitem\">\n\t\t\t\t\t<a class=\"elementor-icon elementor-social-icon elementor-social-icon-paper-plane elementor-repeater-item-d150369\" target=\"_blank\">\n\t\t\t\t\t\t<span class=\"elementor-screen-only\">Paper-plane<\/span>\n\t\t\t\t\t\t<svg aria-hidden=\"true\" class=\"e-font-icon-svg e-far-paper-plane\" viewbox=\"0 0 512 512\" xmlns=\"http:\/\/www.w3.org\/2000\/svg\"><path d=\"M440 6.5L24 246.4c-34.4 19.9-31.1 70.8 5.7 85.9L144 379.6V464c0 46.4 59.2 65.5 86.6 28.6l43.8-59.1 111.9 46.2c5.9 2.4 12.1 3.6 18.3 3.6 8.2 0 16.3-2.1 23.6-6.2 12.8-7.2 21.6-20 23.9-34.5l59.4-387.2c6.1-40.1-36.9-68.8-71.5-48.9zM192 464v-64.6l36.6 15.1L192 464zm212.6-28.7l-153.8-63.5L391 169.5c10.7-15.5-9.5-33.5-23.7-21.2L155.8 332.6 48 288 464 48l-59.4 387.3z\"><\/path><\/svg>\t\t\t\t\t<\/a>\n\t\t\t\t<\/span>\n\t\t\t\t\t\t\t<span class=\"elementor-grid-item\" role=\"listitem\">\n\t\t\t\t\t<a class=\"elementor-icon elementor-social-icon elementor-social-icon-instagram elementor-repeater-item-711b89b\" target=\"_blank\">\n\t\t\t\t\t\t<span class=\"elementor-screen-only\">Instagram<\/span>\n\t\t\t\t\t\t<svg aria-hidden=\"true\" class=\"e-font-icon-svg e-fab-instagram\" viewbox=\"0 0 448 512\" xmlns=\"http:\/\/www.w3.org\/2000\/svg\"><path d=\"M224.1 141c-63.6 0-114.9 51.3-114.9 114.9s51.3 114.9 114.9 114.9S339 319.5 339 255.9 287.7 141 224.1 141zm0 189.6c-41.1 0-74.7-33.5-74.7-74.7s33.5-74.7 74.7-74.7 74.7 33.5 74.7 74.7-33.6 74.7-74.7 74.7zm146.4-194.3c0 14.9-12 26.8-26.8 26.8-14.9 0-26.8-12-26.8-26.8s12-26.8 26.8-26.8 26.8 12 26.8 26.8zm76.1 27.2c-1.7-35.9-9.9-67.7-36.2-93.9-26.2-26.2-58-34.4-93.9-36.2-37-2.1-147.9-2.1-184.9 0-35.8 1.7-67.6 9.9-93.9 36.1s-34.4 58-36.2 93.9c-2.1 37-2.1 147.9 0 184.9 1.7 35.9 9.9 67.7 36.2 93.9s58 34.4 93.9 36.2c37 2.1 147.9 2.1 184.9 0 35.9-1.7 67.7-9.9 93.9-36.2 26.2-26.2 34.4-58 36.2-93.9 2.1-37 2.1-147.8 0-184.8zM398.8 388c-7.8 19.6-22.9 34.7-42.6 42.6-29.5 11.7-99.5 9-132.1 9s-102.7 2.6-132.1-9c-19.6-7.8-34.7-22.9-42.6-42.6-11.7-29.5-9-99.5-9-132.1s-2.6-102.7 9-132.1c7.8-19.6 22.9-34.7 42.6-42.6 29.5-11.7 99.5-9 132.1-9s102.7-2.6 132.1 9c19.6 7.8 34.7 22.9 42.6 42.6 11.7 29.5 9 99.5 9 132.1s2.7 102.7-9 132.1z\"><\/path><\/svg>\t\t\t\t\t<\/a>\n\t\t\t\t<\/span>\n\t\t\t\t\t\t\t<span class=\"elementor-grid-item\" role=\"listitem\">\n\t\t\t\t\t<a class=\"elementor-icon elementor-social-icon elementor-social-icon-linkedin elementor-repeater-item-48f059d\" target=\"_blank\">\n\t\t\t\t\t\t<span class=\"elementor-screen-only\">Linkedin<\/span>\n\t\t\t\t\t\t<svg aria-hidden=\"true\" class=\"e-font-icon-svg e-fab-linkedin\" viewbox=\"0 0 448 512\" xmlns=\"http:\/\/www.w3.org\/2000\/svg\"><path d=\"M416 32H31.9C14.3 32 0 46.5 0 64.3v383.4C0 465.5 14.3 480 31.9 480H416c17.6 0 32-14.5 32-32.3V64.3c0-17.8-14.4-32.3-32-32.3zM135.4 416H69V202.2h66.5V416zm-33.2-243c-21.3 0-38.5-17.3-38.5-38.5S80.9 96 102.2 96c21.2 0 38.5 17.3 38.5 38.5 0 21.3-17.2 38.5-38.5 38.5zm282.1 243h-66.4V312c0-24.8-.5-56.7-34.5-56.7-34.6 0-39.9 27-39.9 54.9V416h-66.4V202.2h63.7v29.2h.9c8.9-16.8 30.6-34.5 62.9-34.5 67.2 0 79.7 44.3 79.7 101.9V416z\"><\/path><\/svg>\t\t\t\t\t<\/a>\n\t\t\t\t<\/span>\n\t\t\t\t\t<\/div>\n\t\t\t\t\t\t<\/div>\n\t\t\t\t<\/div>\n\t\t<div class=\"elementor-element elementor-element-2d2e8855 e-con-full e-flex e-con e-child\" data-id=\"2d2e8855\" data-element_type=\"container\" data-e-type=\"container\">\n\t\t\t\t<div class=\"elementor-element elementor-element-49a2f936 elementor-widget elementor-widget-text-editor\" data-id=\"49a2f936\" data-element_type=\"widget\" data-e-type=\"widget\" data-widget_type=\"text-editor.default\">\n\t\t\t\t<div class=\"elementor-widget-container\">\n\t\t\t\t\t\t\t\t\t<p><span class=\"ng-star-inserted\">The final stroke of design,<\/span> <span class=\"ng-star-inserted\"><a href=\"https:\/\/drybrush-studio.com\/en\/\">DryBrush studio<\/a>.<\/span><\/p>\t\t\t\t\t\t\t\t<\/div>\n\t\t\t\t<\/div>\n\t\t\t\t<\/div>\n\t\t\t\t<\/div>\n\t\t\t\t<\/div>\n\t\t\t\t<\/div>\n\t\t\t\t<\/div>","protected":false},"excerpt":{"rendered":"<p>O nama Darian Bakli\u017ea Grafi\u010dkim dizajnom po\u010deo se baviti u srednjoj \u0161koli, a 2014. upisuje Studij dizajna. Nakon prvostupni\u010dkog studija [&hellip;]<\/p>\n","protected":false},"author":2,"featured_media":0,"parent":0,"menu_order":0,"comment_status":"closed","ping_status":"closed","template":"","meta":{"site-sidebar-layout":"no-sidebar","site-content-layout":"","ast-site-content-layout":"full-width-container","site-content-style":"default","site-sidebar-style":"default","ast-global-header-display":"","ast-banner-title-visibility":"","ast-main-header-display":"","ast-hfb-above-header-display":"","ast-hfb-below-header-display":"","ast-hfb-mobile-header-display":"","site-post-title":"disabled","ast-breadcrumbs-content":"","ast-featured-img":"disabled","footer-sml-layout":"","ast-disable-related-posts":"","theme-transparent-header-meta":"","adv-header-id-meta":"","stick-header-meta":"","header-above-stick-meta":"","header-main-stick-meta":"","header-below-stick-meta":"","astra-migrate-meta-layouts":"default","ast-page-background-enabled":"default","ast-page-background-meta":{"desktop":{"background-color":"var(--ast-global-color-4)","background-image":"","background-repeat":"repeat","background-position":"center center","background-size":"auto","background-attachment":"scroll","background-type":"","background-media":"","overlay-type":"","overlay-color":"","overlay-opacity":"","overlay-gradient":""},"tablet":{"background-color":"","background-image":"","background-repeat":"repeat","background-position":"center center","background-size":"auto","background-attachment":"scroll","background-type":"","background-media":"","overlay-type":"","overlay-color":"","overlay-opacity":"","overlay-gradient":""},"mobile":{"background-color":"","background-image":"","background-repeat":"repeat","background-position":"center center","background-size":"auto","background-attachment":"scroll","background-type":"","background-media":"","overlay-type":"","overlay-color":"","overlay-opacity":"","overlay-gradient":""}},"ast-content-background-meta":{"desktop":{"background-color":"var(--ast-global-color-5)","background-image":"","background-repeat":"repeat","background-position":"center center","background-size":"auto","background-attachment":"scroll","background-type":"","background-media":"","overlay-type":"","overlay-color":"","overlay-opacity":"","overlay-gradient":""},"tablet":{"background-color":"var(--ast-global-color-5)","background-image":"","background-repeat":"repeat","background-position":"center center","background-size":"auto","background-attachment":"scroll","background-type":"","background-media":"","overlay-type":"","overlay-color":"","overlay-opacity":"","overlay-gradient":""},"mobile":{"background-color":"var(--ast-global-color-5)","background-image":"","background-repeat":"repeat","background-position":"center center","background-size":"auto","background-attachment":"scroll","background-type":"","background-media":"","overlay-type":"","overlay-color":"","overlay-opacity":"","overlay-gradient":""}},"footnotes":""},"class_list":["post-20052","page","type-page","status-publish","hentry"],"aioseo_notices":[],"yoast_head":"<!-- This site is optimized with the Yoast SEO plugin v27.5 - https:\/\/yoast.com\/product\/yoast-seo-wordpress\/ -->\n<title>O NAMA - DryBrush Studio<\/title>\n<meta name=\"robots\" content=\"index, follow, max-snippet:-1, max-image-preview:large, max-video-preview:-1\" \/>\n<link rel=\"canonical\" href=\"https:\/\/drybrush-studio.com\/en\/o-nama-2\/\" \/>\n<meta property=\"og:locale\" content=\"en_US\" \/>\n<meta property=\"og:type\" content=\"article\" \/>\n<meta property=\"og:title\" content=\"O NAMA - DryBrush Studio\" \/>\n<meta property=\"og:description\" content=\"O nama Darian Bakli\u017ea Grafi\u010dkim dizajnom po\u010deo se baviti u srednjoj \u0161koli, a 2014. upisuje Studij dizajna. Nakon prvostupni\u010dkog studija [&hellip;]\" \/>\n<meta property=\"og:url\" content=\"https:\/\/drybrush-studio.com\/en\/o-nama-2\/\" \/>\n<meta property=\"og:site_name\" content=\"DryBrush Studio\" \/>\n<meta property=\"article:modified_time\" content=\"2026-05-08T10:34:35+00:00\" \/>\n<meta property=\"og:image\" content=\"https:\/\/drybrush-studio.com\/wp-content\/uploads\/2026\/03\/Darian-gif-web.gif\" \/>\n\t<meta property=\"og:image:width\" content=\"550\" \/>\n\t<meta property=\"og:image:height\" content=\"750\" \/>\n\t<meta property=\"og:image:type\" content=\"image\/gif\" \/>\n<meta name=\"twitter:card\" content=\"summary_large_image\" \/>\n<meta name=\"twitter:label1\" content=\"Est. reading time\" \/>\n\t<meta name=\"twitter:data1\" content=\"2 minutes\" \/>\n<script type=\"application\/ld+json\" class=\"yoast-schema-graph\">{\"@context\":\"https:\\\/\\\/schema.org\",\"@graph\":[{\"@type\":\"WebPage\",\"@id\":\"https:\\\/\\\/drybrush-studio.com\\\/o-nama-2\\\/\",\"url\":\"https:\\\/\\\/drybrush-studio.com\\\/o-nama-2\\\/\",\"name\":\"O NAMA - DryBrush Studio\",\"isPartOf\":{\"@id\":\"https:\\\/\\\/drybrush-studio.com\\\/#website\"},\"primaryImageOfPage\":{\"@id\":\"https:\\\/\\\/drybrush-studio.com\\\/o-nama-2\\\/#primaryimage\"},\"image\":{\"@id\":\"https:\\\/\\\/drybrush-studio.com\\\/o-nama-2\\\/#primaryimage\"},\"thumbnailUrl\":\"https:\\\/\\\/drybrush-studio.com\\\/wp-content\\\/uploads\\\/2026\\\/03\\\/Darian-gif-web.gif\",\"datePublished\":\"2026-03-06T01:43:25+00:00\",\"dateModified\":\"2026-05-08T10:34:35+00:00\",\"breadcrumb\":{\"@id\":\"https:\\\/\\\/drybrush-studio.com\\\/o-nama-2\\\/#breadcrumb\"},\"inLanguage\":\"en-US\",\"potentialAction\":[{\"@type\":\"ReadAction\",\"target\":[\"https:\\\/\\\/drybrush-studio.com\\\/o-nama-2\\\/\"]}]},{\"@type\":\"ImageObject\",\"inLanguage\":\"en-US\",\"@id\":\"https:\\\/\\\/drybrush-studio.com\\\/o-nama-2\\\/#primaryimage\",\"url\":\"https:\\\/\\\/drybrush-studio.com\\\/wp-content\\\/uploads\\\/2026\\\/03\\\/Darian-gif-web.gif\",\"contentUrl\":\"https:\\\/\\\/drybrush-studio.com\\\/wp-content\\\/uploads\\\/2026\\\/03\\\/Darian-gif-web.gif\"},{\"@type\":\"BreadcrumbList\",\"@id\":\"https:\\\/\\\/drybrush-studio.com\\\/o-nama-2\\\/#breadcrumb\",\"itemListElement\":[{\"@type\":\"ListItem\",\"position\":1,\"name\":\"Home\",\"item\":\"https:\\\/\\\/drybrush-studio.com\\\/\"},{\"@type\":\"ListItem\",\"position\":2,\"name\":\"O NAMA\"}]},{\"@type\":\"WebSite\",\"@id\":\"https:\\\/\\\/drybrush-studio.com\\\/#website\",\"url\":\"https:\\\/\\\/drybrush-studio.com\\\/\",\"name\":\"DryBrush Studio\",\"description\":\"\",\"publisher\":{\"@id\":\"https:\\\/\\\/drybrush-studio.com\\\/#organization\"},\"potentialAction\":[{\"@type\":\"SearchAction\",\"target\":{\"@type\":\"EntryPoint\",\"urlTemplate\":\"https:\\\/\\\/drybrush-studio.com\\\/?s={search_term_string}\"},\"query-input\":{\"@type\":\"PropertyValueSpecification\",\"valueRequired\":true,\"valueName\":\"search_term_string\"}}],\"inLanguage\":\"en-US\"},{\"@type\":\"Organization\",\"@id\":\"https:\\\/\\\/drybrush-studio.com\\\/#organization\",\"name\":\"DryBrush Studio\",\"url\":\"https:\\\/\\\/drybrush-studio.com\\\/\",\"logo\":{\"@type\":\"ImageObject\",\"inLanguage\":\"en-US\",\"@id\":\"https:\\\/\\\/drybrush-studio.com\\\/#\\\/schema\\\/logo\\\/image\\\/\",\"url\":\"https:\\\/\\\/drybrush-studio.com\\\/wp-content\\\/uploads\\\/2025\\\/11\\\/DB-studio-logo-0.png\",\"contentUrl\":\"https:\\\/\\\/drybrush-studio.com\\\/wp-content\\\/uploads\\\/2025\\\/11\\\/DB-studio-logo-0.png\",\"width\":360,\"height\":150,\"caption\":\"DryBrush Studio\"},\"image\":{\"@id\":\"https:\\\/\\\/drybrush-studio.com\\\/#\\\/schema\\\/logo\\\/image\\\/\"},\"sameAs\":[\"https:\\\/\\\/www.linkedin.com\\\/in\\\/darian-baklia-61a2b2160\\\/\"]}]}<\/script>\n<!-- \/ Yoast SEO plugin. -->","yoast_head_json":{"title":"O NAMA - DryBrush Studio","robots":{"index":"index","follow":"follow","max-snippet":"max-snippet:-1","max-image-preview":"max-image-preview:large","max-video-preview":"max-video-preview:-1"},"canonical":"https:\/\/drybrush-studio.com\/en\/o-nama-2\/","og_locale":"en_US","og_type":"article","og_title":"O NAMA - DryBrush Studio","og_description":"O nama Darian Bakli\u017ea Grafi\u010dkim dizajnom po\u010deo se baviti u srednjoj \u0161koli, a 2014. upisuje Studij dizajna. Nakon prvostupni\u010dkog studija [&hellip;]","og_url":"https:\/\/drybrush-studio.com\/en\/o-nama-2\/","og_site_name":"DryBrush Studio","article_modified_time":"2026-05-08T10:34:35+00:00","og_image":[{"width":550,"height":750,"url":"https:\/\/drybrush-studio.com\/wp-content\/uploads\/2026\/03\/Darian-gif-web.gif","type":"image\/gif"}],"twitter_card":"summary_large_image","twitter_misc":{"Est. reading time":"2 minutes"},"schema":{"@context":"https:\/\/schema.org","@graph":[{"@type":"WebPage","@id":"https:\/\/drybrush-studio.com\/o-nama-2\/","url":"https:\/\/drybrush-studio.com\/o-nama-2\/","name":"O NAMA - DryBrush Studio","isPartOf":{"@id":"https:\/\/drybrush-studio.com\/#website"},"primaryImageOfPage":{"@id":"https:\/\/drybrush-studio.com\/o-nama-2\/#primaryimage"},"image":{"@id":"https:\/\/drybrush-studio.com\/o-nama-2\/#primaryimage"},"thumbnailUrl":"https:\/\/drybrush-studio.com\/wp-content\/uploads\/2026\/03\/Darian-gif-web.gif","datePublished":"2026-03-06T01:43:25+00:00","dateModified":"2026-05-08T10:34:35+00:00","breadcrumb":{"@id":"https:\/\/drybrush-studio.com\/o-nama-2\/#breadcrumb"},"inLanguage":"en-US","potentialAction":[{"@type":"ReadAction","target":["https:\/\/drybrush-studio.com\/o-nama-2\/"]}]},{"@type":"ImageObject","inLanguage":"en-US","@id":"https:\/\/drybrush-studio.com\/o-nama-2\/#primaryimage","url":"https:\/\/drybrush-studio.com\/wp-content\/uploads\/2026\/03\/Darian-gif-web.gif","contentUrl":"https:\/\/drybrush-studio.com\/wp-content\/uploads\/2026\/03\/Darian-gif-web.gif"},{"@type":"BreadcrumbList","@id":"https:\/\/drybrush-studio.com\/o-nama-2\/#breadcrumb","itemListElement":[{"@type":"ListItem","position":1,"name":"Home","item":"https:\/\/drybrush-studio.com\/"},{"@type":"ListItem","position":2,"name":"O NAMA"}]},{"@type":"WebSite","@id":"https:\/\/drybrush-studio.com\/#website","url":"https:\/\/drybrush-studio.com\/","name":"DryBrush Studio","description":"","publisher":{"@id":"https:\/\/drybrush-studio.com\/#organization"},"potentialAction":[{"@type":"SearchAction","target":{"@type":"EntryPoint","urlTemplate":"https:\/\/drybrush-studio.com\/?s={search_term_string}"},"query-input":{"@type":"PropertyValueSpecification","valueRequired":true,"valueName":"search_term_string"}}],"inLanguage":"en-US"},{"@type":"Organization","@id":"https:\/\/drybrush-studio.com\/#organization","name":"DryBrush Studio","url":"https:\/\/drybrush-studio.com\/","logo":{"@type":"ImageObject","inLanguage":"en-US","@id":"https:\/\/drybrush-studio.com\/#\/schema\/logo\/image\/","url":"https:\/\/drybrush-studio.com\/wp-content\/uploads\/2025\/11\/DB-studio-logo-0.png","contentUrl":"https:\/\/drybrush-studio.com\/wp-content\/uploads\/2025\/11\/DB-studio-logo-0.png","width":360,"height":150,"caption":"DryBrush Studio"},"image":{"@id":"https:\/\/drybrush-studio.com\/#\/schema\/logo\/image\/"},"sameAs":["https:\/\/www.linkedin.com\/in\/darian-baklia-61a2b2160\/"]}]}},"_links":{"self":[{"href":"https:\/\/drybrush-studio.com\/en\/wp-json\/wp\/v2\/pages\/20052","targetHints":{"allow":["GET"]}}],"collection":[{"href":"https:\/\/drybrush-studio.com\/en\/wp-json\/wp\/v2\/pages"}],"about":[{"href":"https:\/\/drybrush-studio.com\/en\/wp-json\/wp\/v2\/types\/page"}],"author":[{"embeddable":true,"href":"https:\/\/drybrush-studio.com\/en\/wp-json\/wp\/v2\/users\/2"}],"replies":[{"embeddable":true,"href":"https:\/\/drybrush-studio.com\/en\/wp-json\/wp\/v2\/comments?post=20052"}],"version-history":[{"count":38,"href":"https:\/\/drybrush-studio.com\/en\/wp-json\/wp\/v2\/pages\/20052\/revisions"}],"predecessor-version":[{"id":20339,"href":"https:\/\/drybrush-studio.com\/en\/wp-json\/wp\/v2\/pages\/20052\/revisions\/20339"}],"wp:attachment":[{"href":"https:\/\/drybrush-studio.com\/en\/wp-json\/wp\/v2\/media?parent=20052"}],"curies":[{"name":"wp","href":"https:\/\/api.w.org\/{rel}","templated":true}]}}