{"id":90,"date":"2024-08-24T10:18:31","date_gmt":"2024-08-24T10:18:31","guid":{"rendered":"https:\/\/drybrush-studio.com\/?page_id=90"},"modified":"2026-05-11T13:05:29","modified_gmt":"2026-05-11T12:05:29","slug":"kontakt","status":"publish","type":"page","link":"https:\/\/drybrush-studio.com\/en\/kontakt\/","title":{"rendered":"Kontakt"},"content":{"rendered":"\t\t<div data-elementor-type=\"wp-page\" data-elementor-id=\"90\" class=\"elementor elementor-90\">\n\t\t\t\t<div class=\"elementor-element elementor-element-72d2afc e-flex e-con-boxed e-con e-parent\" data-id=\"72d2afc\" data-element_type=\"container\" data-e-type=\"container\" data-settings=\"{&quot;background_background&quot;:&quot;classic&quot;}\">\n\t\t\t\t\t<div class=\"e-con-inner\">\n\t\t<div class=\"elementor-element elementor-element-f495599 e-con-full animated-fast e-flex elementor-invisible e-con e-child\" data-id=\"f495599\" data-element_type=\"container\" data-e-type=\"container\" data-settings=\"{&quot;animation&quot;:&quot;fadeIn&quot;}\">\n\t\t\t\t<div class=\"elementor-element elementor-element-2cf5d92 elementor-widget elementor-widget-heading\" data-id=\"2cf5d92\" data-element_type=\"widget\" data-e-type=\"widget\" data-widget_type=\"heading.default\">\n\t\t\t\t<div class=\"elementor-widget-container\">\n\t\t\t\t\t<h2 class=\"elementor-heading-title elementor-size-default\">Recite nam svoje ideje.<\/h2>\t\t\t\t<\/div>\n\t\t\t\t<\/div>\n\t\t\t\t<\/div>\n\t\t<div class=\"elementor-element elementor-element-ad14763 e-con-full animated-fast e-flex elementor-invisible e-con e-child\" data-id=\"ad14763\" data-element_type=\"container\" data-e-type=\"container\" data-settings=\"{&quot;animation&quot;:&quot;fadeIn&quot;,&quot;animation_delay&quot;:100}\">\n\t\t\t\t<div class=\"elementor-element elementor-element-8ecee8a elementor-widget elementor-widget-heading\" data-id=\"8ecee8a\" data-element_type=\"widget\" data-e-type=\"widget\" data-widget_type=\"heading.default\">\n\t\t\t\t<div class=\"elementor-widget-container\">\n\t\t\t\t\t<h3 class=\"elementor-heading-title elementor-size-default\">Ispunite formular i javite \u0107emo Vam se u \u0161to kra\u0107em roku.<\/h3>\t\t\t\t<\/div>\n\t\t\t\t<\/div>\n\t\t\t\t<\/div>\n\t\t\t\t\t<\/div>\n\t\t\t\t<\/div>\n\t\t<div class=\"elementor-element elementor-element-6c5d5d4 e-flex e-con-boxed e-con e-parent\" data-id=\"6c5d5d4\" data-element_type=\"container\" data-e-type=\"container\" data-settings=\"{&quot;background_background&quot;:&quot;classic&quot;}\">\n\t\t\t\t\t<div class=\"e-con-inner\">\n\t\t\t\t<div class=\"elementor-element elementor-element-dfb0489 elementor-invisible elementor-widget elementor-widget-cool-form\" data-id=\"dfb0489\" data-element_type=\"widget\" data-e-type=\"widget\" data-settings=\"{&quot;_animation&quot;:&quot;fadeInUp&quot;,&quot;_animation_delay&quot;:600,&quot;button_width&quot;:&quot;100&quot;}\" data-widget_type=\"cool-form.default\">\n\t\t\t\t<div class=\"elementor-widget-container\">\n\t\t\t\t\t\t\t<form class=\"cool-form\" method=\"post\" name=\"Novi formular\">\n\t\t\t\n\t\t\t<input type=\"hidden\" name=\"post_id\" value=\"90\"\/>\n\t\t\t<input type=\"hidden\" name=\"form_id\" value=\"dfb0489\"\/>\n\t\t\t<input type=\"hidden\" name=\"referer_title\" value=\"Kontakt - DryBrush Studio\"\/>\n\n\t\t\t\t\t\t\t<input type=\"hidden\" name=\"queried_id\" value=\"90\"\/>\n\t\t\t\n\t\t\t<div class=\"cool-form__wrapper\">\n\t\t\t\t\t\t\t\t\t<div class=\"cool-form__field-group is-field-type-text is-field-group-name has-width-100 is-field-required has-shape-default\">\n\t\t\t\t\t\t\t\t<label class=\"cool-form-text mdc-text-field mdc-text-field--outlined mdc-text-field--no-label cool-field-size-sm\">\n\t\t\t<span class=\"mdc-notched-outline\">\n\t\t\t\t<span class=\"mdc-notched-outline__leading\"><\/span>\n\t\t\t\t<span class=\"mdc-notched-outline__notch\">\n\t\t\t\t\t\t\t\t\t<\/span>\n\t\t\t\t<span class=\"mdc-notched-outline__trailing\"><\/span>\n\t\t\t<\/span>\n\n\t\t\t<input \n\t\t\t\ttype=\"text\"\n\t\t\t\tid=\"form-field-name\"\n\t\t\t\tname=\"form_fields[name]\"\n\t\t\t\tclass=\"mdc-text-field__input cool-form__field cool-field-size-sm\"\n\t\t\t\t\t\t\t\t\tplaceholder=\"Ime i prezime\"\n\t\t\t\t\t\t\t\t\t\t\t\t\t\t\t\t\trequired\n\t\t\t\t\n\t\t\t\t\t\t\t>\n\n\t\t\t<i aria-hidden=\"true\" class=\"material-icons mdc-text-field__icon mdc-text-field__icon--trailing cool-text-error-icon\" style=\"display:none\">error<\/i>\n\t\t<\/label>\n\n\t\t<div class=\"mdc-text-field-helper-line\">\n\t\t\t<div class=\"mdc-text-field-helper-text\" id=\"cool-text-error\" aria-hidden=\"true\"><\/div>\n\t\t<\/div>\n\t\t\t\t\t\t\t<\/div>\n\t\t\t\t\t\t\t\t\t<div class=\"cool-form__field-group is-field-type-text is-field-group-field_4a866b4 has-width-100 has-shape-default\">\n\t\t\t\t\t\t\t\t<label class=\"cool-form-text mdc-text-field mdc-text-field--outlined mdc-text-field--no-label cool-field-size-sm\">\n\t\t\t<span class=\"mdc-notched-outline\">\n\t\t\t\t<span class=\"mdc-notched-outline__leading\"><\/span>\n\t\t\t\t<span class=\"mdc-notched-outline__notch\">\n\t\t\t\t\t\t\t\t\t<\/span>\n\t\t\t\t<span class=\"mdc-notched-outline__trailing\"><\/span>\n\t\t\t<\/span>\n\n\t\t\t<input \n\t\t\t\ttype=\"text\"\n\t\t\t\tid=\"form-field-field_4a866b4\"\n\t\t\t\tname=\"form_fields[field_4a866b4]\"\n\t\t\t\tclass=\"mdc-text-field__input cool-form__field cool-field-size-sm\"\n\t\t\t\t\t\t\t\t\tplaceholder=\"Email\"\n\t\t\t\t\t\t\t\t\t\t\t\t\n\t\t\t\t\t\t\t>\n\n\t\t\t<i aria-hidden=\"true\" class=\"material-icons mdc-text-field__icon mdc-text-field__icon--trailing cool-text-error-icon\" style=\"display:none\">error<\/i>\n\t\t<\/label>\n\n\t\t<div class=\"mdc-text-field-helper-line\">\n\t\t\t<div class=\"mdc-text-field-helper-text\" id=\"cool-text-error\" aria-hidden=\"true\"><\/div>\n\t\t<\/div>\n\t\t\t\t\t\t\t<\/div>\n\t\t\t\t\t\t\t\t\t<div class=\"cool-form__field-group is-field-type-textarea is-field-group-message has-width-100 has-shape-default\">\n\t\t\t\t\t\t\t\t<label class=\"cool-form-text mdc-text-field mdc-text-field--outlined mdc-text-field--textarea mdc-text-field--no-label\">\n\t\t\t<span class=\"mdc-notched-outline\">\n\t\t\t\t<span class=\"mdc-notched-outline__leading\"><\/span>\n\t\t\t\t<span class=\"mdc-notched-outline__notch\">\n\t\t\t\t\t\t\t\t\t<\/span>\n\t\t\t\t<span class=\"mdc-notched-outline__trailing\"><\/span>\n\t\t\t<\/span>\n\t\t\t<span class=\"mdc-text-field__resizer\">\n\t\t\t\t<textarea\n\t\t\t\t\tclass=\"mdc-text-field__input cool-form__field\"\n\t\t\t\t\tid=\"form-field-message\"\n\t\t\t\t\tname=\"form_fields[message]\"\n\t\t\t\t\trows=\"4\"\n\t\t\t\t\tplaceholder=\"Poruka\"\t\t\t\t\t\t\t\t\t><\/textarea>\n\t\t\t<\/span>\n\t\t<\/label>\n\t\t<div class=\"mdc-text-field-helper-line\">\n  \t\t\t<div class=\"mdc-text-field-helper-text\" id=\"cool-textarea-error\" aria-hidden=\"true\"><\/div>\n\t\t<\/div>\n\t\t\t\t\t\t\t<\/div>\n\t\t\t\t\t\t\t\t\t\t<div class=\"cool-form__submit-group has-width-100\">\n\t\t\t<button class=\"cool-form__button cool-form-submit-button has-shape-default is-type-button\" type=\"submit\">\n\t\t\t\t\t\t\t\t\t<span class=\"cool-form-button-icon\">\n\t\t\t\t\t\t\t\t\t\t<\/span>\n\t\t\t\t\n\t\t\t\t\t\t\t\t\t<span class=\"cool-form__button-text\">Po\u0161alji<\/span>\n\t\t\t\t\t\t\t<\/button>\n\t\t<\/div>\n\t\t\t\t\t<\/div>\n\t\t<\/form>\n\t\t\t\t\t\t<\/div>\n\t\t\t\t<\/div>\n\t\t\t\t\t<\/div>\n\t\t\t\t<\/div>\n\t\t<div class=\"elementor-element elementor-element-fca965f e-con-full animated-fast e-flex elementor-invisible e-con e-parent\" data-id=\"fca965f\" data-element_type=\"container\" data-e-type=\"container\" data-settings=\"{&quot;background_background&quot;:&quot;classic&quot;,&quot;animation&quot;:&quot;fadeIn&quot;,&quot;animation_delay&quot;:600}\">\n\t\t<div class=\"elementor-element elementor-element-5f905fe e-con-full animated-fast e-flex elementor-invisible e-con e-child\" data-id=\"5f905fe\" data-element_type=\"container\" data-e-type=\"container\" data-settings=\"{&quot;background_background&quot;:&quot;classic&quot;,&quot;animation&quot;:&quot;fadeInUp&quot;}\">\n\t\t<div class=\"elementor-element elementor-element-14c0fe9 e-con-full e-grid e-con e-child\" data-id=\"14c0fe9\" data-element_type=\"container\" data-e-type=\"container\">\n\t\t\t\t<div class=\"elementor-element elementor-element-f3d24a8 elementor-widget elementor-widget-text-editor\" data-id=\"f3d24a8\" data-element_type=\"widget\" data-e-type=\"widget\" data-widget_type=\"text-editor.default\">\n\t\t\t\t<div class=\"elementor-widget-container\">\n\t\t\t\t\t\t\t\t\t<p><a href=\"https:\/\/drybrush-studio.com\/privacy-policy\/\">Politika privatnosti<\/a><\/p><p><a href=\"https:\/\/drybrush-studio.com\/terms-and-conditions\/\">Uvjeti kori\u0161tenja<\/a><\/p>\t\t\t\t\t\t\t\t<\/div>\n\t\t\t\t<\/div>\n\t\t\t\t<div class=\"elementor-element elementor-element-4af9311 elementor-widget elementor-widget-text-editor\" data-id=\"4af9311\" data-element_type=\"widget\" data-e-type=\"widget\" data-widget_type=\"text-editor.default\">\n\t\t\t\t<div class=\"elementor-widget-container\">\n\t\t\t\t\t\t\t\t\t<p>DRYBRUSH STUDIO d.o.o. \u00a9 2026. Sva prava pridr\u017eana.<\/p>\t\t\t\t\t\t\t\t<\/div>\n\t\t\t\t<\/div>\n\t\t\t\t<div class=\"elementor-element elementor-element-1a69d19 elementor-shape-rounded elementor-grid-0 e-grid-align-center elementor-widget elementor-widget-social-icons\" data-id=\"1a69d19\" data-element_type=\"widget\" data-e-type=\"widget\" data-widget_type=\"social-icons.default\">\n\t\t\t\t<div class=\"elementor-widget-container\">\n\t\t\t\t\t\t\t<div class=\"elementor-social-icons-wrapper elementor-grid\" role=\"list\">\n\t\t\t\t\t\t\t<span class=\"elementor-grid-item\" role=\"listitem\">\n\t\t\t\t\t<a class=\"elementor-icon elementor-social-icon elementor-social-icon-paper-plane elementor-repeater-item-d150369\" target=\"_blank\">\n\t\t\t\t\t\t<span class=\"elementor-screen-only\">Paper-plane<\/span>\n\t\t\t\t\t\t<svg aria-hidden=\"true\" class=\"e-font-icon-svg e-far-paper-plane\" viewBox=\"0 0 512 512\" xmlns=\"http:\/\/www.w3.org\/2000\/svg\"><path d=\"M440 6.5L24 246.4c-34.4 19.9-31.1 70.8 5.7 85.9L144 379.6V464c0 46.4 59.2 65.5 86.6 28.6l43.8-59.1 111.9 46.2c5.9 2.4 12.1 3.6 18.3 3.6 8.2 0 16.3-2.1 23.6-6.2 12.8-7.2 21.6-20 23.9-34.5l59.4-387.2c6.1-40.1-36.9-68.8-71.5-48.9zM192 464v-64.6l36.6 15.1L192 464zm212.6-28.7l-153.8-63.5L391 169.5c10.7-15.5-9.5-33.5-23.7-21.2L155.8 332.6 48 288 464 48l-59.4 387.3z\"><\/path><\/svg>\t\t\t\t\t<\/a>\n\t\t\t\t<\/span>\n\t\t\t\t\t\t\t<span class=\"elementor-grid-item\" role=\"listitem\">\n\t\t\t\t\t<a class=\"elementor-icon elementor-social-icon elementor-social-icon-instagram elementor-repeater-item-711b89b\" target=\"_blank\">\n\t\t\t\t\t\t<span class=\"elementor-screen-only\">Instagram<\/span>\n\t\t\t\t\t\t<svg aria-hidden=\"true\" class=\"e-font-icon-svg e-fab-instagram\" viewBox=\"0 0 448 512\" xmlns=\"http:\/\/www.w3.org\/2000\/svg\"><path d=\"M224.1 141c-63.6 0-114.9 51.3-114.9 114.9s51.3 114.9 114.9 114.9S339 319.5 339 255.9 287.7 141 224.1 141zm0 189.6c-41.1 0-74.7-33.5-74.7-74.7s33.5-74.7 74.7-74.7 74.7 33.5 74.7 74.7-33.6 74.7-74.7 74.7zm146.4-194.3c0 14.9-12 26.8-26.8 26.8-14.9 0-26.8-12-26.8-26.8s12-26.8 26.8-26.8 26.8 12 26.8 26.8zm76.1 27.2c-1.7-35.9-9.9-67.7-36.2-93.9-26.2-26.2-58-34.4-93.9-36.2-37-2.1-147.9-2.1-184.9 0-35.8 1.7-67.6 9.9-93.9 36.1s-34.4 58-36.2 93.9c-2.1 37-2.1 147.9 0 184.9 1.7 35.9 9.9 67.7 36.2 93.9s58 34.4 93.9 36.2c37 2.1 147.9 2.1 184.9 0 35.9-1.7 67.7-9.9 93.9-36.2 26.2-26.2 34.4-58 36.2-93.9 2.1-37 2.1-147.8 0-184.8zM398.8 388c-7.8 19.6-22.9 34.7-42.6 42.6-29.5 11.7-99.5 9-132.1 9s-102.7 2.6-132.1-9c-19.6-7.8-34.7-22.9-42.6-42.6-11.7-29.5-9-99.5-9-132.1s-2.6-102.7 9-132.1c7.8-19.6 22.9-34.7 42.6-42.6 29.5-11.7 99.5-9 132.1-9s102.7-2.6 132.1 9c19.6 7.8 34.7 22.9 42.6 42.6 11.7 29.5 9 99.5 9 132.1s2.7 102.7-9 132.1z\"><\/path><\/svg>\t\t\t\t\t<\/a>\n\t\t\t\t<\/span>\n\t\t\t\t\t\t\t<span class=\"elementor-grid-item\" role=\"listitem\">\n\t\t\t\t\t<a class=\"elementor-icon elementor-social-icon elementor-social-icon-linkedin elementor-repeater-item-48f059d\" target=\"_blank\">\n\t\t\t\t\t\t<span class=\"elementor-screen-only\">Linkedin<\/span>\n\t\t\t\t\t\t<svg aria-hidden=\"true\" class=\"e-font-icon-svg e-fab-linkedin\" viewBox=\"0 0 448 512\" xmlns=\"http:\/\/www.w3.org\/2000\/svg\"><path d=\"M416 32H31.9C14.3 32 0 46.5 0 64.3v383.4C0 465.5 14.3 480 31.9 480H416c17.6 0 32-14.5 32-32.3V64.3c0-17.8-14.4-32.3-32-32.3zM135.4 416H69V202.2h66.5V416zm-33.2-243c-21.3 0-38.5-17.3-38.5-38.5S80.9 96 102.2 96c21.2 0 38.5 17.3 38.5 38.5 0 21.3-17.2 38.5-38.5 38.5zm282.1 243h-66.4V312c0-24.8-.5-56.7-34.5-56.7-34.6 0-39.9 27-39.9 54.9V416h-66.4V202.2h63.7v29.2h.9c8.9-16.8 30.6-34.5 62.9-34.5 67.2 0 79.7 44.3 79.7 101.9V416z\"><\/path><\/svg>\t\t\t\t\t<\/a>\n\t\t\t\t<\/span>\n\t\t\t\t\t<\/div>\n\t\t\t\t\t\t<\/div>\n\t\t\t\t<\/div>\n\t\t<div class=\"elementor-element elementor-element-17ef6dc e-con-full e-flex e-con e-child\" data-id=\"17ef6dc\" data-element_type=\"container\" data-e-type=\"container\">\n\t\t\t\t<div class=\"elementor-element elementor-element-4d5cbbd elementor-widget elementor-widget-text-editor\" data-id=\"4d5cbbd\" data-element_type=\"widget\" data-e-type=\"widget\" data-widget_type=\"text-editor.default\">\n\t\t\t\t<div class=\"elementor-widget-container\">\n\t\t\t\t\t\t\t\t\t<p><span class=\"ng-star-inserted\">Zavr\u0161ni potez dizajna,<\/span> <span class=\"ng-star-inserted\"><a href=\"https:\/\/drybrush-studio.com\/\">DryBrush studio<\/a>.<\/span><\/p>\t\t\t\t\t\t\t\t<\/div>\n\t\t\t\t<\/div>\n\t\t\t\t<\/div>\n\t\t\t\t<\/div>\n\t\t\t\t<\/div>\n\t\t\t\t<\/div>\n\t\t\t\t<\/div>\n\t\t","protected":false},"excerpt":{"rendered":"<p>Recite nam svoje ideje. Ispunite formular i javite \u0107emo Vam se u \u0161to kra\u0107em roku. Politika privatnosti Uvjeti kori\u0161tenja DRYBRUSH [&hellip;]<\/p>\n","protected":false},"author":2,"featured_media":0,"parent":0,"menu_order":0,"comment_status":"closed","ping_status":"closed","template":"","meta":{"site-sidebar-layout":"no-sidebar","site-content-layout":"","ast-site-content-layout":"full-width-container","site-content-style":"default","site-sidebar-style":"default","ast-global-header-display":"","ast-banner-title-visibility":"","ast-main-header-display":"","ast-hfb-above-header-display":"","ast-hfb-below-header-display":"","ast-hfb-mobile-header-display":"","site-post-title":"disabled","ast-breadcrumbs-content":"","ast-featured-img":"disabled","footer-sml-layout":"","ast-disable-related-posts":"","theme-transparent-header-meta":"","adv-header-id-meta":"","stick-header-meta":"","header-above-stick-meta":"","header-main-stick-meta":"","header-below-stick-meta":"","astra-migrate-meta-layouts":"default","ast-page-background-enabled":"default","ast-page-background-meta":{"desktop":{"background-color":"var(--ast-global-color-4)","background-image":"","background-repeat":"repeat","background-position":"center center","background-size":"auto","background-attachment":"scroll","background-type":"","background-media":"","overlay-type":"","overlay-color":"","overlay-opacity":"","overlay-gradient":""},"tablet":{"background-color":"","background-image":"","background-repeat":"repeat","background-position":"center center","background-size":"auto","background-attachment":"scroll","background-type":"","background-media":"","overlay-type":"","overlay-color":"","overlay-opacity":"","overlay-gradient":""},"mobile":{"background-color":"","background-image":"","background-repeat":"repeat","background-position":"center center","background-size":"auto","background-attachment":"scroll","background-type":"","background-media":"","overlay-type":"","overlay-color":"","overlay-opacity":"","overlay-gradient":""}},"ast-content-background-meta":{"desktop":{"background-color":"var(--ast-global-color-5)","background-image":"","background-repeat":"repeat","background-position":"center center","background-size":"auto","background-attachment":"scroll","background-type":"","background-media":"","overlay-type":"","overlay-color":"","overlay-opacity":"","overlay-gradient":""},"tablet":{"background-color":"var(--ast-global-color-5)","background-image":"","background-repeat":"repeat","background-position":"center center","background-size":"auto","background-attachment":"scroll","background-type":"","background-media":"","overlay-type":"","overlay-color":"","overlay-opacity":"","overlay-gradient":""},"mobile":{"background-color":"var(--ast-global-color-5)","background-image":"","background-repeat":"repeat","background-position":"center center","background-size":"auto","background-attachment":"scroll","background-type":"","background-media":"","overlay-type":"","overlay-color":"","overlay-opacity":"","overlay-gradient":""}},"footnotes":""},"class_list":["post-90","page","type-page","status-publish","hentry"],"aioseo_notices":[],"yoast_head":"<!-- This site is optimized with the Yoast SEO plugin v27.5 - https:\/\/yoast.com\/product\/yoast-seo-wordpress\/ -->\n<title>Kontakt - DryBrush Studio<\/title>\n<meta name=\"robots\" content=\"index, follow, max-snippet:-1, max-image-preview:large, max-video-preview:-1\" \/>\n<link rel=\"canonical\" href=\"https:\/\/drybrush-studio.com\/en\/kontakt\/\" \/>\n<meta property=\"og:locale\" content=\"en_US\" \/>\n<meta property=\"og:type\" content=\"article\" \/>\n<meta property=\"og:title\" content=\"Kontakt - DryBrush Studio\" \/>\n<meta property=\"og:description\" content=\"Recite nam svoje ideje. Ispunite formular i javite \u0107emo Vam se u \u0161to kra\u0107em roku. Politika privatnosti Uvjeti kori\u0161tenja DRYBRUSH [&hellip;]\" \/>\n<meta property=\"og:url\" content=\"https:\/\/drybrush-studio.com\/en\/kontakt\/\" \/>\n<meta property=\"og:site_name\" content=\"DryBrush Studio\" \/>\n<meta property=\"article:modified_time\" content=\"2026-05-11T12:05:29+00:00\" \/>\n<meta name=\"twitter:card\" content=\"summary_large_image\" \/>\n<meta name=\"twitter:label1\" content=\"Est. reading time\" \/>\n\t<meta name=\"twitter:data1\" content=\"1 minute\" \/>\n<script type=\"application\/ld+json\" class=\"yoast-schema-graph\">{\"@context\":\"https:\\\/\\\/schema.org\",\"@graph\":[{\"@type\":\"WebPage\",\"@id\":\"https:\\\/\\\/drybrush-studio.com\\\/kontakt\\\/\",\"url\":\"https:\\\/\\\/drybrush-studio.com\\\/kontakt\\\/\",\"name\":\"Kontakt - DryBrush Studio\",\"isPartOf\":{\"@id\":\"https:\\\/\\\/drybrush-studio.com\\\/#website\"},\"datePublished\":\"2024-08-24T10:18:31+00:00\",\"dateModified\":\"2026-05-11T12:05:29+00:00\",\"breadcrumb\":{\"@id\":\"https:\\\/\\\/drybrush-studio.com\\\/kontakt\\\/#breadcrumb\"},\"inLanguage\":\"en-US\",\"potentialAction\":[{\"@type\":\"ReadAction\",\"target\":[\"https:\\\/\\\/drybrush-studio.com\\\/kontakt\\\/\"]}]},{\"@type\":\"BreadcrumbList\",\"@id\":\"https:\\\/\\\/drybrush-studio.com\\\/kontakt\\\/#breadcrumb\",\"itemListElement\":[{\"@type\":\"ListItem\",\"position\":1,\"name\":\"Home\",\"item\":\"https:\\\/\\\/drybrush-studio.com\\\/\"},{\"@type\":\"ListItem\",\"position\":2,\"name\":\"Kontakt\"}]},{\"@type\":\"WebSite\",\"@id\":\"https:\\\/\\\/drybrush-studio.com\\\/#website\",\"url\":\"https:\\\/\\\/drybrush-studio.com\\\/\",\"name\":\"DryBrush Studio\",\"description\":\"\",\"publisher\":{\"@id\":\"https:\\\/\\\/drybrush-studio.com\\\/#organization\"},\"potentialAction\":[{\"@type\":\"SearchAction\",\"target\":{\"@type\":\"EntryPoint\",\"urlTemplate\":\"https:\\\/\\\/drybrush-studio.com\\\/?s={search_term_string}\"},\"query-input\":{\"@type\":\"PropertyValueSpecification\",\"valueRequired\":true,\"valueName\":\"search_term_string\"}}],\"inLanguage\":\"en-US\"},{\"@type\":\"Organization\",\"@id\":\"https:\\\/\\\/drybrush-studio.com\\\/#organization\",\"name\":\"DryBrush Studio\",\"url\":\"https:\\\/\\\/drybrush-studio.com\\\/\",\"logo\":{\"@type\":\"ImageObject\",\"inLanguage\":\"en-US\",\"@id\":\"https:\\\/\\\/drybrush-studio.com\\\/#\\\/schema\\\/logo\\\/image\\\/\",\"url\":\"https:\\\/\\\/drybrush-studio.com\\\/wp-content\\\/uploads\\\/2025\\\/11\\\/DB-studio-logo-0.png\",\"contentUrl\":\"https:\\\/\\\/drybrush-studio.com\\\/wp-content\\\/uploads\\\/2025\\\/11\\\/DB-studio-logo-0.png\",\"width\":360,\"height\":150,\"caption\":\"DryBrush Studio\"},\"image\":{\"@id\":\"https:\\\/\\\/drybrush-studio.com\\\/#\\\/schema\\\/logo\\\/image\\\/\"},\"sameAs\":[\"https:\\\/\\\/www.linkedin.com\\\/in\\\/darian-baklia-61a2b2160\\\/\"]}]}<\/script>\n<!-- \/ Yoast SEO plugin. -->","yoast_head_json":{"title":"Kontakt - DryBrush Studio","robots":{"index":"index","follow":"follow","max-snippet":"max-snippet:-1","max-image-preview":"max-image-preview:large","max-video-preview":"max-video-preview:-1"},"canonical":"https:\/\/drybrush-studio.com\/en\/kontakt\/","og_locale":"en_US","og_type":"article","og_title":"Kontakt - DryBrush Studio","og_description":"Recite nam svoje ideje. Ispunite formular i javite \u0107emo Vam se u \u0161to kra\u0107em roku. Politika privatnosti Uvjeti kori\u0161tenja DRYBRUSH [&hellip;]","og_url":"https:\/\/drybrush-studio.com\/en\/kontakt\/","og_site_name":"DryBrush Studio","article_modified_time":"2026-05-11T12:05:29+00:00","twitter_card":"summary_large_image","twitter_misc":{"Est. reading time":"1 minute"},"schema":{"@context":"https:\/\/schema.org","@graph":[{"@type":"WebPage","@id":"https:\/\/drybrush-studio.com\/kontakt\/","url":"https:\/\/drybrush-studio.com\/kontakt\/","name":"Kontakt - DryBrush Studio","isPartOf":{"@id":"https:\/\/drybrush-studio.com\/#website"},"datePublished":"2024-08-24T10:18:31+00:00","dateModified":"2026-05-11T12:05:29+00:00","breadcrumb":{"@id":"https:\/\/drybrush-studio.com\/kontakt\/#breadcrumb"},"inLanguage":"en-US","potentialAction":[{"@type":"ReadAction","target":["https:\/\/drybrush-studio.com\/kontakt\/"]}]},{"@type":"BreadcrumbList","@id":"https:\/\/drybrush-studio.com\/kontakt\/#breadcrumb","itemListElement":[{"@type":"ListItem","position":1,"name":"Home","item":"https:\/\/drybrush-studio.com\/"},{"@type":"ListItem","position":2,"name":"Kontakt"}]},{"@type":"WebSite","@id":"https:\/\/drybrush-studio.com\/#website","url":"https:\/\/drybrush-studio.com\/","name":"DryBrush Studio","description":"","publisher":{"@id":"https:\/\/drybrush-studio.com\/#organization"},"potentialAction":[{"@type":"SearchAction","target":{"@type":"EntryPoint","urlTemplate":"https:\/\/drybrush-studio.com\/?s={search_term_string}"},"query-input":{"@type":"PropertyValueSpecification","valueRequired":true,"valueName":"search_term_string"}}],"inLanguage":"en-US"},{"@type":"Organization","@id":"https:\/\/drybrush-studio.com\/#organization","name":"DryBrush Studio","url":"https:\/\/drybrush-studio.com\/","logo":{"@type":"ImageObject","inLanguage":"en-US","@id":"https:\/\/drybrush-studio.com\/#\/schema\/logo\/image\/","url":"https:\/\/drybrush-studio.com\/wp-content\/uploads\/2025\/11\/DB-studio-logo-0.png","contentUrl":"https:\/\/drybrush-studio.com\/wp-content\/uploads\/2025\/11\/DB-studio-logo-0.png","width":360,"height":150,"caption":"DryBrush Studio"},"image":{"@id":"https:\/\/drybrush-studio.com\/#\/schema\/logo\/image\/"},"sameAs":["https:\/\/www.linkedin.com\/in\/darian-baklia-61a2b2160\/"]}]}},"_links":{"self":[{"href":"https:\/\/drybrush-studio.com\/en\/wp-json\/wp\/v2\/pages\/90","targetHints":{"allow":["GET"]}}],"collection":[{"href":"https:\/\/drybrush-studio.com\/en\/wp-json\/wp\/v2\/pages"}],"about":[{"href":"https:\/\/drybrush-studio.com\/en\/wp-json\/wp\/v2\/types\/page"}],"author":[{"embeddable":true,"href":"https:\/\/drybrush-studio.com\/en\/wp-json\/wp\/v2\/users\/2"}],"replies":[{"embeddable":true,"href":"https:\/\/drybrush-studio.com\/en\/wp-json\/wp\/v2\/comments?post=90"}],"version-history":[{"count":86,"href":"https:\/\/drybrush-studio.com\/en\/wp-json\/wp\/v2\/pages\/90\/revisions"}],"predecessor-version":[{"id":20470,"href":"https:\/\/drybrush-studio.com\/en\/wp-json\/wp\/v2\/pages\/90\/revisions\/20470"}],"wp:attachment":[{"href":"https:\/\/drybrush-studio.com\/en\/wp-json\/wp\/v2\/media?parent=90"}],"curies":[{"name":"wp","href":"https:\/\/api.w.org\/{rel}","templated":true}]}}